{"id":3173,"date":"2024-05-23T15:35:54","date_gmt":"2024-05-23T15:35:54","guid":{"rendered":"https:\/\/www.taros.si\/?page_id=3173"},"modified":"2024-06-19T06:02:05","modified_gmt":"2024-06-19T06:02:05","slug":"piskotki","status":"publish","type":"page","link":"https:\/\/www.taros.si\/en\/piskotki\/","title":{"rendered":"Pi\u0161kotki"},"content":{"rendered":"<div data-elementor-type=\"wp-page\" data-elementor-id=\"3173\" class=\"elementor elementor-3173\"> \t\t\t\t\t\t<div class=\"elementor-inner\"> \t\t\t\t<div class=\"elementor-section-wrap\"> \t\t\t\t\t\t\t\t\t<section class=\"elementor-section elementor-top-section elementor-element elementor-element-6000680 elementor-section-stretched elementor-section-boxed elementor-section-height-default elementor-section-height-default\" data-id=\"6000680\" data-element_type=\"section\" data-settings=\"{&quot;stretch_section&quot;:&quot;section-stretched&quot;,&quot;background_background&quot;:&quot;classic&quot;}\"> \t\t\t\t\t\t<div class=\"elementor-container elementor-column-gap-no\"> \t\t\t\t\t\t\t<div class=\"elementor-row\"> \t\t\t\t\t<div class=\"elementor-column elementor-col-100 elementor-top-column elementor-element elementor-element-2955a8b\" data-id=\"2955a8b\" data-element_type=\"column\"> \t\t\t<div class=\"elementor-column-wrap elementor-element-populated\"> \t\t\t\t\t\t\t<div class=\"elementor-widget-wrap\"> \t\t\t\t\t\t<div class=\"elementor-element elementor-element-9fd261a elementor-widget elementor-widget-heading\" data-id=\"9fd261a\" data-element_type=\"widget\" data-widget_type=\"heading.default\"> \t\t\t\t<div class=\"elementor-widget-container\"> \t\t\t<h3 class=\"elementor-heading-title elementor-size-default\">Prenova stanovanja<\/h3>\t\t<\/div> \t\t\t\t<\/div> \t\t\t\t<div class=\"elementor-element elementor-element-9cb5de5 elementor-widget elementor-widget-spacer\" data-id=\"9cb5de5\" data-element_type=\"widget\" data-widget_type=\"spacer.default\"> \t\t\t\t<div class=\"elementor-widget-container\"> \t\t\t\t\t<div class=\"elementor-spacer\"> \t\t\t<div class=\"elementor-spacer-inner\"><\/div> \t\t<\/div> \t\t\t\t<\/div> \t\t\t\t<\/div> \t\t\t\t<div class=\"elementor-element elementor-element-7693ff6 elementor-widget elementor-widget-spacer\" data-id=\"7693ff6\" data-element_type=\"widget\" data-widget_type=\"spacer.default\"> \t\t\t\t<div class=\"elementor-widget-container\"> \t\t\t\t\t<div class=\"elementor-spacer\"> \t\t\t<div class=\"elementor-spacer-inner\"><\/div> \t\t<\/div> \t\t\t\t<\/div> \t\t\t\t<\/div> \t\t\t\t<div class=\"elementor-element elementor-element-d371c5c elementor-widget elementor-widget-heading\" data-id=\"d371c5c\" data-element_type=\"widget\" data-widget_type=\"heading.default\"> \t\t\t\t<div class=\"elementor-widget-container\"> \t\t\t<h2 class=\"elementor-heading-title elementor-size-default\"><div><span style=\"font-family: Oswald, sans-serif; font-size: 34px; font-weight: 900;\">Politika o pi\u0161kotkih<\/span><\/div><\/h2>\t\t<\/div> \t\t\t\t<\/div> \t\t\t\t<div class=\"elementor-element elementor-element-c8d5083 elementor-widget elementor-widget-spacer\" data-id=\"c8d5083\" data-element_type=\"widget\" data-widget_type=\"spacer.default\"> \t\t\t\t<div class=\"elementor-widget-container\"> \t\t\t\t\t<div class=\"elementor-spacer\"> \t\t\t<div class=\"elementor-spacer-inner\"><\/div> \t\t<\/div> \t\t\t\t<\/div> \t\t\t\t<\/div> \t\t\t\t<div class=\"elementor-element elementor-element-678f279 elementor-widget elementor-widget-spacer\" data-id=\"678f279\" data-element_type=\"widget\" data-widget_type=\"spacer.default\"> \t\t\t\t<div class=\"elementor-widget-container\"> \t\t\t\t\t<div class=\"elementor-spacer\"> \t\t\t<div class=\"elementor-spacer-inner\"><\/div> \t\t<\/div> \t\t\t\t<\/div> \t\t\t\t<\/div> \t\t\t\t<div class=\"elementor-element elementor-element-1ccfbec elementor-widget elementor-widget-heading\" data-id=\"1ccfbec\" data-element_type=\"widget\" data-widget_type=\"heading.default\"> \t\t\t\t<div class=\"elementor-widget-container\"> \t\t\t<p class=\"elementor-heading-title elementor-size-default\">Pi\u0161kotki so male besedilne datoteke, ki se izmenjujejo med va\u0161im brskalnikom in spletnim stre\u017enikom, ko obi\u0161\u010dete spletno stran taros.si, ki jo upravlja podjetje TAROS, gradbeni\u0161tvo in storitve, d.o.o., Preska 25, 1290 Grosuplje, mati\u010dna 8631239000 (v nadaljevanju: \u00bbTAROS\u00ab ali \u00bbupravljavec\u00ab).  Pi\u0161kotki zbirajo dolo\u010dene podatke o va\u0161em obisku, kot so IP-naslov, ime ponudnika spletnih storitev, datum in uro, ko dostopate do spletnega mesta, strani, ki jih obi\u0161\u010dete na spletnem mestu, \u0161tevilo obiskov in internetni naslov spletnega mesta, s katere ste pri\u0161li na na\u0161o spletno stran, informacije o va\u0161i napravi, operacijskem sistemu, nastavitvah zaslona idr. Ko se na spletno stran vrnete, vas spletna stran prepozna, kar vam omogo\u010da bolj prijazno in individualizirano uporabo storitev. Nobeni pi\u0161kotki, ki jih uporabljamo na na\u0161ih spletnih straneh, ne zbirajo podatkov, s katerimi bi vas bilo mogo\u010de osebno prepoznati glede na trenutno stanje tehnologije.<\/p>\t\t<\/div> \t\t\t\t<\/div> \t\t\t\t<div class=\"elementor-element elementor-element-a3d0191 elementor-widget elementor-widget-spacer\" data-id=\"a3d0191\" data-element_type=\"widget\" data-widget_type=\"spacer.default\"> \t\t\t\t<div class=\"elementor-widget-container\"> \t\t\t\t\t<div class=\"elementor-spacer\"> \t\t\t<div class=\"elementor-spacer-inner\"><\/div> \t\t<\/div> \t\t\t\t<\/div> \t\t\t\t<\/div> \t\t\t\t<div class=\"elementor-element elementor-element-d92cc01 elementor-widget elementor-widget-heading\" data-id=\"d92cc01\" data-element_type=\"widget\" data-widget_type=\"heading.default\"> \t\t\t\t<div class=\"elementor-widget-container\"> \t\t\t<h2 class=\"elementor-heading-title elementor-size-default\">VRSTE PI\u0160KOTKOV<\/h2>\t\t<\/div> \t\t\t\t<\/div> \t\t\t\t<div class=\"elementor-element elementor-element-08b6aa8 elementor-widget elementor-widget-heading\" data-id=\"08b6aa8\" data-element_type=\"widget\" data-widget_type=\"heading.default\"> \t\t\t\t<div class=\"elementor-widget-container\"> \t\t\t<p class=\"elementor-heading-title elementor-size-default\">Na splo\u0161no lo\u010dimo: <\/p>\t\t<\/div> \t\t\t\t<\/div> \t\t\t\t<div class=\"elementor-element elementor-element-bb4784e elementor-widget elementor-widget-heading\" data-id=\"bb4784e\" data-element_type=\"widget\" data-widget_type=\"heading.default\"> \t\t\t\t<div class=\"elementor-widget-container\"> \t\t\t<p class=\"elementor-heading-title elementor-size-default\">-\tlastne pi\u0161kotke: so iz spletne strani upravljalca, ki si jo uporabnik ogleduje, in so lahko trajni ali za\u010dasni. Spletna stran upravljalca te pi\u0161kotke uporabljajo za shranjevanje informacij, ki jih bodo znova uporabile, ko uporabnik naslednji\u010d obi\u0161\u010de to mesto.<br>-\tdruge pi\u0161kotke: izvirajo od drugih, partnerskih spletnih mest. Tretje strani lahko na ta na\u010din zbirajo podatke o uporabnikih iz razli\u010dnih spletnih mest in jih uporabljajo za razli\u010dne namene, od ogla\u0161evanja, analitike, pa do izbolj\u0161ave svojih produktov. Spletna stran upravljalca uporablja dolo\u010dene nujno potrebne pi\u0161kotke, ki so aktivni le v \u010dasu trajanja seje ter pi\u0161kotke tretjih oseb ter pi\u0161kotke za namen analize prometa in statistike obiska spletne strani. <\/p>\t\t<\/div> \t\t\t\t<\/div> \t\t\t\t<div class=\"elementor-element elementor-element-d7dd087 elementor-widget elementor-widget-spacer\" data-id=\"d7dd087\" data-element_type=\"widget\" data-widget_type=\"spacer.default\"> \t\t\t\t<div class=\"elementor-widget-container\"> \t\t\t\t\t<div class=\"elementor-spacer\"> \t\t\t<div class=\"elementor-spacer-inner\"><\/div> \t\t<\/div> \t\t\t\t<\/div> \t\t\t\t<\/div> \t\t\t\t<div class=\"elementor-element elementor-element-394a1b0 elementor-widget elementor-widget-heading\" data-id=\"394a1b0\" data-element_type=\"widget\" data-widget_type=\"heading.default\"> \t\t\t\t<div class=\"elementor-widget-container\"> \t\t\t<h2 class=\"elementor-heading-title elementor-size-default\">PI\u0160KOTKI PODJETJA TAROS <\/h2>\t\t<\/div> \t\t\t\t<\/div> \t\t\t\t<div class=\"elementor-element elementor-element-3d8f111 elementor-widget elementor-widget-heading\" data-id=\"3d8f111\" data-element_type=\"widget\" data-widget_type=\"heading.default\"> \t\t\t\t<div class=\"elementor-widget-container\"> \t\t\t<p class=\"elementor-heading-title elementor-size-default\">Podjetje TAROS uporablja:   <\/p>\t\t<\/div> \t\t\t\t<\/div> \t\t\t\t<div class=\"elementor-element elementor-element-c29bfae elementor-widget elementor-widget-heading\" data-id=\"c29bfae\" data-element_type=\"widget\" data-widget_type=\"heading.default\"> \t\t\t\t<div class=\"elementor-widget-container\"> \t\t\t<p class=\"elementor-heading-title elementor-size-default\">1<b>.\tNUJNO POTREBNI PI\u0160KOTKI<\/b>  Ti pi\u0161kotki so potrebni, da vam ponudimo storitve, ki so na voljo na na\u0161i spletni strani (npr. strinjanje s pogoji, identifikacija uporabnikove seje, strinjanje za name\u0161\u010danjem pi\u0161kotkov).  To so tehni\u010dni pi\u0161kotki, ki so nujni za pravilno delovanje spletne strani in vseh osnovnih funkcij, kot so navigacija po strani, dostop do varnih obmo\u010dij spletne strani ali shranjevanje nastavitev zasebnosti. Brez teh pi\u0161kotkov spletna stran ne more pravilno delovati. Teh pi\u0161kotkov ni mogo\u010de druga\u010de odstraniti, razen z neobiskovanjem na\u0161e spletne strani. Pravna podlaga za uporabo nujnih pi\u0161kotkov temelji na na\u0161em zakonitem interesu za tehni\u010dno brezhibno in nemoteno delovanje na\u0161e spletne strani. <br><br><span style=\"font-variant-ligatures: normal; font-variant-caps: normal; font-family: Montserrat, sans-serif; font-size: 15px; font-style: normal; font-weight: 700;\"><\/p>\t\t<\/div> \t\t\t\t<\/div> \t\t\t\t<div class=\"elementor-element elementor-element-de603f8 elementor-widget elementor-widget-heading\" data-id=\"de603f8\" data-element_type=\"widget\" data-widget_type=\"heading.default\"> \t\t\t\t<div class=\"elementor-widget-container\"> \t\t\t<h2 class=\"elementor-heading-title elementor-size-default\">2. ANALITI\u010cNI PI\u0160KOTKI<\/h2>\t\t<\/div> \t\t\t\t<\/div> \t\t\t\t<div class=\"elementor-element elementor-element-f83a357 elementor-widget elementor-widget-heading\" data-id=\"f83a357\" data-element_type=\"widget\" data-widget_type=\"heading.default\"> \t\t\t\t<div class=\"elementor-widget-container\"> \t\t\t<p class=\"elementor-heading-title elementor-size-default\"><span style=\"font-family: Montserrat, sans-serif; font-size: 15px; font-style: normal; font-variant-ligatures: normal; font-variant-caps: normal; font-weight: 400;\">  Analiti\u010dni pi\u0161kotki nam omogo\u010dajo analiziranje dogajanja na spletni strani (zlasti: \u0161tevilo obiskovalcev, identifikacija brskalnikov, klju\u010dnih besed\u2026), kar je prav tako zelo pomembno za dobro delovanje spletne strani. Za namestitev teh pi\u0161kotkov potrebujemo va\u0161o izrecno privolitev, ki jo podate tako, da v nastavitvah odkljukate polje \u00bbanaliti\u010dni pi\u0161kotki\u00ab. Svoje strinjanje lahko v nastavitvah pi\u0161kotkov kadarkoli umaknete. Pri izvajanju lastne analitike uporabnike spremljamo anonimno (anonimizacija IP). Tudi te pi\u0161kotke uporabljamo izklju\u010dno pri nas in imajo minimalno dobo trajanja.  Analizo prometa na spletnem mestu potrebujemo za namen optimizacije. Uporabljamo orodja tretjih oseb, kot je Google Analytics, ki podatke, pridobljene s temi pi\u0161kotki, obdelujejo na agregiran na\u010din, torej brez identifikacije konkretnih uporabnikov na\u0161ega spletnega mesta.<\/span><br><br>Vsak posameznik ima mo\u017enost, da pi\u0161kotke sprejme ali zavrne oz. da v svojem brskalniku spremeni nastavitve, tako da brskalnik ra\u010dunalnika ali mobilne naprave pi\u0161kotke zavrne ali pa da prejme opozorilo, preden se pi\u0161kotek shrani. Uporabnik lahko prav tako izbri\u0161e pi\u0161kotke, ki jih je brskalnik \u017ee shranil na njegovi napravi. Postopek spremembe nastavitev pi\u0161kotkov se v vsakem brskalniku razlikuje, zato naj uporabnik pri tem upo\u0161teva navodila konkretnega brskalnika. \u010ce so pi\u0161kotki onemogo\u010deni, nekatere funkcije in popolna funkcionalnost spletne strani ni ve\u010d na voljo oziroma spletna stran ne bo delovala pravilno.  Celostno gledano nam pi\u0161kotki pomagajo, da vam zagotovimo kar najbolj\u0161o spletno stran, s tem, da nam omogo\u010dijo spremljanje katere strani smatrate, da so zanimive in katere niso. Pi\u0161kotek nam v nobenem primeru ne omogo\u010da dostopa do va\u0161ega ra\u010dunalnika in kakr\u0161nekoli druge informacije o vas, kot do tistih, ki ste jih delili z nami. Lahko se odlo\u010dite za sprejetje ali zavrnitev pi\u0161kotkov.  Ve\u010d informacij o pi\u0161kotkih je na voljo tudi v  SMERNICE O UPORABI PI\u0160KOTKOV IN PODOBNIH SLEDILNIH TEHNOLOGIJ_2023.pdf (ip-rs.si).   <\/p>\t\t<\/div> \t\t\t\t<\/div> \t\t\t\t<div class=\"elementor-element elementor-element-e6c142c elementor-widget elementor-widget-spacer\" data-id=\"e6c142c\" data-element_type=\"widget\" data-widget_type=\"spacer.default\"> \t\t\t\t<div class=\"elementor-widget-container\"> \t\t\t\t\t<div class=\"elementor-spacer\"> \t\t\t<div class=\"elementor-spacer-inner\"><\/div> \t\t<\/div> \t\t\t\t<\/div> \t\t\t\t<\/div> \t\t\t\t\t\t<\/div> \t\t\t\t\t<\/div> \t\t<\/div> \t\t\t\t\t\t\t\t<\/div> \t\t\t\t\t<\/div> \t\t<\/section> \t\t\t\t\t\t\t\t\t<\/div> \t\t\t<\/div> \t\t\t\t\t<\/div>","protected":false},"excerpt":{"rendered":"<p>Prenova stanovanja Politika o pi\u0161kotkih Pi\u0161kotki so male besedilne datoteke, ki se izmenjujejo med va\u0161im brskalnikom in spletnim stre\u017enikom, ko obi\u0161\u010dete spletno stran taros.si, ki jo upravlja podjetje TAROS, gradbeni\u0161tvo in storitve, d.o.o., Preska 25, 1290 Grosuplje, mati\u010dna 8631239000 (v nadaljevanju: \u00bbTAROS\u00ab ali \u00bbupravljavec\u00ab). Pi\u0161kotki zbirajo dolo\u010dene podatke o va\u0161em obisku, kot so IP-naslov, ime [&hellip;]<\/p>\n","protected":false},"author":1,"featured_media":0,"parent":0,"menu_order":0,"comment_status":"closed","ping_status":"closed","template":"","meta":{"om_disable_all_campaigns":false,"_monsterinsights_skip_tracking":false,"_monsterinsights_sitenote_active":false,"_monsterinsights_sitenote_note":"","_monsterinsights_sitenote_category":0,"_uf_show_specific_survey":0,"_uf_disable_surveys":false,"footnotes":""},"class_list":["post-3173","page","type-page","status-publish","hentry","entry"],"aioseo_notices":[],"_links":{"self":[{"href":"https:\/\/www.taros.si\/en\/wp-json\/wp\/v2\/pages\/3173","targetHints":{"allow":["GET"]}}],"collection":[{"href":"https:\/\/www.taros.si\/en\/wp-json\/wp\/v2\/pages"}],"about":[{"href":"https:\/\/www.taros.si\/en\/wp-json\/wp\/v2\/types\/page"}],"author":[{"embeddable":true,"href":"https:\/\/www.taros.si\/en\/wp-json\/wp\/v2\/users\/1"}],"replies":[{"embeddable":true,"href":"https:\/\/www.taros.si\/en\/wp-json\/wp\/v2\/comments?post=3173"}],"version-history":[{"count":107,"href":"https:\/\/www.taros.si\/en\/wp-json\/wp\/v2\/pages\/3173\/revisions"}],"predecessor-version":[{"id":3929,"href":"https:\/\/www.taros.si\/en\/wp-json\/wp\/v2\/pages\/3173\/revisions\/3929"}],"wp:attachment":[{"href":"https:\/\/www.taros.si\/en\/wp-json\/wp\/v2\/media?parent=3173"}],"curies":[{"name":"wp","href":"https:\/\/api.w.org\/{rel}","templated":true}]}}