{"id":2653,"date":"2024-02-06T13:21:32","date_gmt":"2024-02-06T13:21:32","guid":{"rendered":"https:\/\/www.taros.si\/?page_id=2653"},"modified":"2026-04-01T15:47:42","modified_gmt":"2026-04-01T15:47:42","slug":"ureditev-mansarde","status":"publish","type":"page","link":"https:\/\/www.taros.si\/en\/ureditev-mansarde\/","title":{"rendered":"Attic conversion"},"content":{"rendered":"<div data-elementor-type=\"wp-page\" data-elementor-id=\"2653\" class=\"elementor elementor-2653\"> \t\t\t\t\t\t<div class=\"elementor-inner\"> \t\t\t\t<div class=\"elementor-section-wrap\"> \t\t\t\t\t\t\t\t\t<section class=\"elementor-section elementor-top-section elementor-element elementor-element-5450aa7 elementor-section-boxed elementor-section-height-default elementor-section-height-default\" data-id=\"5450aa7\" data-element_type=\"section\"> \t\t\t\t\t\t<div class=\"elementor-container elementor-column-gap-default\"> \t\t\t\t\t\t\t<div class=\"elementor-row\"> \t\t\t\t\t<div class=\"elementor-column elementor-col-100 elementor-top-column elementor-element elementor-element-5306453\" data-id=\"5306453\" data-element_type=\"column\"> \t\t\t<div class=\"elementor-column-wrap elementor-element-populated\"> \t\t\t\t\t\t\t<div class=\"elementor-widget-wrap\"> \t\t\t\t\t\t<div class=\"elementor-element elementor-element-e19c469 elementor-widget elementor-widget-spacer\" data-id=\"e19c469\" data-element_type=\"widget\" data-widget_type=\"spacer.default\"> \t\t\t\t<div class=\"elementor-widget-container\"> \t\t\t\t\t<div class=\"elementor-spacer\"> \t\t\t<div class=\"elementor-spacer-inner\"><\/div> \t\t<\/div> \t\t\t\t<\/div> \t\t\t\t<\/div> \t\t\t\t\t\t<\/div> \t\t\t\t\t<\/div> \t\t<\/div> \t\t\t\t\t\t\t\t<\/div> \t\t\t\t\t<\/div> \t\t<\/section> \t\t\t\t<section class=\"elementor-section elementor-top-section elementor-element elementor-element-5fa4d89 elementor-section-boxed elementor-section-height-default elementor-section-height-default\" data-id=\"5fa4d89\" data-element_type=\"section\"> \t\t\t\t\t\t<div class=\"elementor-container elementor-column-gap-default\"> \t\t\t\t\t\t\t<div class=\"elementor-row\"> \t\t\t\t\t<div class=\"elementor-column elementor-col-100 elementor-top-column elementor-element elementor-element-f1efe03\" data-id=\"f1efe03\" data-element_type=\"column\"> \t\t\t<div class=\"elementor-column-wrap\"> \t\t\t\t\t\t\t<div class=\"elementor-widget-wrap\"> \t\t\t\t\t\t\t\t<\/div> \t\t\t\t\t<\/div> \t\t<\/div> \t\t\t\t\t\t\t\t<\/div> \t\t\t\t\t<\/div> \t\t<\/section> \t\t\t\t<section class=\"elementor-section elementor-top-section elementor-element elementor-element-1bef091 elementor-section-height-min-height elementor-section-stretched elementor-section-boxed elementor-section-height-default elementor-section-items-middle\" data-id=\"1bef091\" data-element_type=\"section\" data-settings=\"{&quot;stretch_section&quot;:&quot;section-stretched&quot;,&quot;background_background&quot;:&quot;classic&quot;}\"> \t\t\t\t\t\t<div class=\"elementor-container elementor-column-gap-default\"> \t\t\t\t\t\t\t<div class=\"elementor-row\"> \t\t\t\t\t<div class=\"elementor-column elementor-col-100 elementor-top-column elementor-element elementor-element-c60264c\" data-id=\"c60264c\" data-element_type=\"column\"> \t\t\t<div class=\"elementor-column-wrap elementor-element-populated\"> \t\t\t\t\t\t\t<div class=\"elementor-widget-wrap\"> \t\t\t\t\t\t<div class=\"elementor-element elementor-element-f58eb73 elementor-widget elementor-widget-heading\" data-id=\"f58eb73\" data-element_type=\"widget\" data-widget_type=\"heading.default\"> \t\t\t\t<div class=\"elementor-widget-container\"> \t\t\t<h1 class=\"elementor-heading-title elementor-size-default\">UREDITEV MANSARDE<\/h1>\t\t<\/div> \t\t\t\t<\/div> \t\t\t\t<div class=\"elementor-element elementor-element-3f46001 elementor-widget-divider--view-line elementor-widget elementor-widget-divider\" data-id=\"3f46001\" data-element_type=\"widget\" data-widget_type=\"divider.default\"> \t\t\t\t<div class=\"elementor-widget-container\"> \t\t\t\t\t<div class=\"elementor-divider\"> \t\t\t<span class=\"elementor-divider-separator\"> \t\t\t\t\t\t<\/span> \t\t<\/div> \t\t\t\t<\/div> \t\t\t\t<\/div> \t\t\t\t<div class=\"elementor-element elementor-element-2360ecf elementor-widget elementor-widget-text-editor\" data-id=\"2360ecf\" data-element_type=\"widget\" data-widget_type=\"text-editor.default\"> \t\t\t\t<div class=\"elementor-widget-container\"> \t\t\t\t\t\t\t\t<div class=\"elementor-text-editor elementor-clearfix\"> \t\t\t\t<p><b>Za vas uredimo mansardo na klju\u010d\u00a0 &#8211; glede na va\u0161e potrebe in \u017eelje!<\/b><\/p>\t\t\t\t\t<\/div> \t\t\t\t\t\t<\/div> \t\t\t\t<\/div> \t\t\t\t<div class=\"elementor-element elementor-element-8d776fd elementor-widget elementor-widget-text-editor\" data-id=\"8d776fd\" data-element_type=\"widget\" data-widget_type=\"text-editor.default\"> \t\t\t\t<div class=\"elementor-widget-container\"> \t\t\t\t\t\t\t\t<div class=\"elementor-text-editor elementor-clearfix\"> \t\t\t\t<p><strong>Vsaka na\u0161a stranka je za nas izjemno dragocena. V Tarosu poskrbimo, da boste z nami zadovoljni in bo sodelovanje z nami za vas lepa izku\u0161nja, ki se je boste vedno z veseljem spominjali!<\/strong><\/p><p><strong>STROKOVNI \u2013 NATAN\u010cNI \u2013 KAKOVOSTNI \u2013 HITRI \u2013 ZANESLJIVI<\/strong><\/p>\t\t\t\t\t<\/div> \t\t\t\t\t\t<\/div> \t\t\t\t<\/div> \t\t\t\t<div class=\"elementor-element elementor-element-55f2973 elementor-widget elementor-widget-spacer\" data-id=\"55f2973\" data-element_type=\"widget\" data-widget_type=\"spacer.default\"> \t\t\t\t<div class=\"elementor-widget-container\"> \t\t\t\t\t<div class=\"elementor-spacer\"> \t\t\t<div class=\"elementor-spacer-inner\"><\/div> \t\t<\/div> \t\t\t\t<\/div> \t\t\t\t<\/div> \t\t\t\t\t\t<\/div> \t\t\t\t\t<\/div> \t\t<\/div> \t\t\t\t\t\t\t\t<\/div> \t\t\t\t\t<\/div> \t\t<\/section> \t\t\t\t<section class=\"elementor-section elementor-top-section elementor-element elementor-element-c2df432 elementor-section-boxed elementor-section-height-default elementor-section-height-default\" data-id=\"c2df432\" data-element_type=\"section\"> \t\t\t\t\t\t<div class=\"elementor-container elementor-column-gap-default\"> \t\t\t\t\t\t\t<div class=\"elementor-row\"> \t\t\t\t\t<div class=\"elementor-column elementor-col-50 elementor-top-column elementor-element elementor-element-2c08bd4\" data-id=\"2c08bd4\" data-element_type=\"column\"> \t\t\t<div class=\"elementor-column-wrap elementor-element-populated\"> \t\t\t\t\t\t\t<div class=\"elementor-widget-wrap\"> \t\t\t\t\t\t<div class=\"elementor-element elementor-element-50d0327 elementor-widget elementor-widget-image\" data-id=\"50d0327\" data-element_type=\"widget\" data-widget_type=\"image.default\"> \t\t\t\t<div class=\"elementor-widget-container\"> \t\t\t\t\t\t\t\t<div class=\"elementor-image\"> \t\t\t\t\t\t\t\t\t\t\t\t<img loading=\"lazy\" decoding=\"async\" width=\"620\" height=\"683\" src=\"https:\/\/www.taros.si\/wp-content\/uploads\/2025\/01\/18.3.24-1.jpg\" class=\"attachment-large size-large wp-image-4947\" alt=\"\" srcset=\"https:\/\/www.taros.si\/wp-content\/uploads\/2025\/01\/18.3.24-1.jpg 620w, https:\/\/www.taros.si\/wp-content\/uploads\/2025\/01\/18.3.24-1-272x300.jpg 272w, https:\/\/www.taros.si\/wp-content\/uploads\/2025\/01\/18.3.24-1-11x12.jpg 11w\" sizes=\"auto, (max-width: 620px) 100vw, 620px\" \/>\t\t\t\t\t\t\t\t\t\t\t\t\t\t<\/div> \t\t\t\t\t\t<\/div> \t\t\t\t<\/div> \t\t\t\t\t\t<\/div> \t\t\t\t\t<\/div> \t\t<\/div> \t\t\t\t<div class=\"elementor-column elementor-col-50 elementor-top-column elementor-element elementor-element-754bc73\" data-id=\"754bc73\" data-element_type=\"column\"> \t\t\t<div class=\"elementor-column-wrap elementor-element-populated\"> \t\t\t\t\t\t\t<div class=\"elementor-widget-wrap\"> \t\t\t\t\t\t<div class=\"elementor-element elementor-element-3d195c6 elementor-widget elementor-widget-image\" data-id=\"3d195c6\" data-element_type=\"widget\" data-widget_type=\"image.default\"> \t\t\t\t<div class=\"elementor-widget-container\"> \t\t\t\t\t\t\t\t<div class=\"elementor-image\"> \t\t\t\t\t\t\t\t\t\t\t\t<img loading=\"lazy\" decoding=\"async\" width=\"768\" height=\"775\" src=\"https:\/\/www.taros.si\/wp-content\/uploads\/2025\/01\/21.11.24-768x775.jpg\" class=\"attachment-medium_large size-medium_large wp-image-4946\" alt=\"\" srcset=\"https:\/\/www.taros.si\/wp-content\/uploads\/2025\/01\/21.11.24-768x775.jpg 768w, https:\/\/www.taros.si\/wp-content\/uploads\/2025\/01\/21.11.24-297x300.jpg 297w, https:\/\/www.taros.si\/wp-content\/uploads\/2025\/01\/21.11.24-1014x1024.jpg 1014w, https:\/\/www.taros.si\/wp-content\/uploads\/2025\/01\/21.11.24-150x150.jpg 150w, https:\/\/www.taros.si\/wp-content\/uploads\/2025\/01\/21.11.24-1521x1536.jpg 1521w, https:\/\/www.taros.si\/wp-content\/uploads\/2025\/01\/21.11.24-2028x2048.jpg 2028w, https:\/\/www.taros.si\/wp-content\/uploads\/2025\/01\/21.11.24-12x12.jpg 12w\" sizes=\"auto, (max-width: 768px) 100vw, 768px\" \/>\t\t\t\t\t\t\t\t\t\t\t\t\t\t<\/div> \t\t\t\t\t\t<\/div> \t\t\t\t<\/div> \t\t\t\t\t\t<\/div> \t\t\t\t\t<\/div> \t\t<\/div> \t\t\t\t\t\t\t\t<\/div> \t\t\t\t\t<\/div> \t\t<\/section> \t\t\t\t<section class=\"elementor-section elementor-top-section elementor-element elementor-element-f5851ca elementor-section-stretched elementor-section-boxed elementor-section-height-default elementor-section-height-default\" data-id=\"f5851ca\" data-element_type=\"section\" data-settings=\"{&quot;stretch_section&quot;:&quot;section-stretched&quot;,&quot;background_background&quot;:&quot;classic&quot;}\"> \t\t\t\t\t\t<div class=\"elementor-container elementor-column-gap-default\"> \t\t\t\t\t\t\t<div class=\"elementor-row\"> \t\t\t\t\t<div class=\"elementor-column elementor-col-100 elementor-top-column elementor-element elementor-element-07f73bd\" data-id=\"07f73bd\" data-element_type=\"column\"> \t\t\t<div class=\"elementor-column-wrap elementor-element-populated\"> \t\t\t\t\t\t\t<div class=\"elementor-widget-wrap\"> \t\t\t\t\t\t<div class=\"elementor-element elementor-element-8b576c0 elementor-widget elementor-widget-spacer\" data-id=\"8b576c0\" data-element_type=\"widget\" data-widget_type=\"spacer.default\"> \t\t\t\t<div class=\"elementor-widget-container\"> \t\t\t\t\t<div class=\"elementor-spacer\"> \t\t\t<div class=\"elementor-spacer-inner\"><\/div> \t\t<\/div> \t\t\t\t<\/div> \t\t\t\t<\/div> \t\t\t\t\t\t<\/div> \t\t\t\t\t<\/div> \t\t<\/div> \t\t\t\t\t\t\t\t<\/div> \t\t\t\t\t<\/div> \t\t<\/section> \t\t\t\t<section class=\"elementor-section elementor-top-section elementor-element elementor-element-4d26033 elementor-section-height-min-height elementor-section-content-middle elementor-section-boxed elementor-section-height-default elementor-section-items-middle\" data-id=\"4d26033\" data-element_type=\"section\" data-settings=\"{&quot;background_background&quot;:&quot;classic&quot;,&quot;shape_divider_bottom&quot;:&quot;opacity-fan&quot;}\"> \t\t\t\t\t<div class=\"elementor-shape elementor-shape-bottom\" data-negative=\"false\"> \t\t\t<svg xmlns=\"http:\/\/www.w3.org\/2000\/svg\" viewbox=\"0 0 283.5 19.6\" preserveaspectratio=\"none\"> \t<path class=\"elementor-shape-fill\" style=\"opacity:0.33\" d=\"M0 0L0 18.8 141.8 4.1 283.5 18.8 283.5 0z\"\/> \t<path class=\"elementor-shape-fill\" style=\"opacity:0.33\" d=\"M0 0L0 12.6 141.8 4 283.5 12.6 283.5 0z\"\/> \t<path class=\"elementor-shape-fill\" style=\"opacity:0.33\" d=\"M0 0L0 6.4 141.8 4 283.5 6.4 283.5 0z\"\/> \t<path class=\"elementor-shape-fill\" d=\"M0 0L0 1.2 141.8 4 283.5 1.2 283.5 0z\"\/> <\/svg>\t\t<\/div> \t\t\t\t\t<div class=\"elementor-container elementor-column-gap-no\"> \t\t\t\t\t\t\t<div class=\"elementor-row\"> \t\t\t\t\t<div class=\"elementor-column elementor-col-33 elementor-top-column elementor-element elementor-element-409a1b5\" data-id=\"409a1b5\" data-element_type=\"column\"> \t\t\t<div class=\"elementor-column-wrap elementor-element-populated\"> \t\t\t\t\t\t\t<div class=\"elementor-widget-wrap\"> \t\t\t\t\t\t<div class=\"elementor-element elementor-element-d7753bb elementor-widget elementor-widget-heading\" data-id=\"d7753bb\" data-element_type=\"widget\" data-widget_type=\"heading.default\"> \t\t\t\t<div class=\"elementor-widget-container\"> \t\t\t<h2 class=\"elementor-heading-title elementor-size-xl\">POTREBUJETE KATERO IZMED NA\u0160IH STORITEV?<\/h2>\t\t<\/div> \t\t\t\t<\/div> \t\t\t\t\t\t<\/div> \t\t\t\t\t<\/div> \t\t<\/div> \t\t\t\t<div class=\"elementor-column elementor-col-33 elementor-top-column elementor-element elementor-element-8af82c3\" data-id=\"8af82c3\" data-element_type=\"column\"> \t\t\t<div class=\"elementor-column-wrap elementor-element-populated\"> \t\t\t\t\t\t\t<div class=\"elementor-widget-wrap\"> \t\t\t\t\t\t<div class=\"elementor-element elementor-element-5c4c840 elementor-mobile-align-center elementor-align-center elementor-widget elementor-widget-button\" data-id=\"5c4c840\" data-element_type=\"widget\" data-widget_type=\"button.default\"> \t\t\t\t<div class=\"elementor-widget-container\"> \t\t\t\t\t<div class=\"elementor-button-wrapper\"> \t\t\t<a href=\"tel:031313289\" class=\"elementor-button-link elementor-button elementor-size-sm\" role=\"button\"> \t\t\t\t\t\t<span class=\"elementor-button-content-wrapper\"> \t\t\t\t\t\t<span class=\"elementor-button-text\">031 313 289<\/span> \t\t<\/span> \t\t\t\t\t<\/a> \t\t<\/div> \t\t\t\t<\/div> \t\t\t\t<\/div> \t\t\t\t\t\t<\/div> \t\t\t\t\t<\/div> \t\t<\/div> \t\t\t\t<div class=\"elementor-column elementor-col-33 elementor-top-column elementor-element elementor-element-881934b\" data-id=\"881934b\" data-element_type=\"column\" data-settings=\"{&quot;background_background&quot;:&quot;classic&quot;}\"> \t\t\t<div class=\"elementor-column-wrap elementor-element-populated\"> \t\t\t\t\t\t\t<div class=\"elementor-widget-wrap\"> \t\t\t\t\t\t<div class=\"elementor-element elementor-element-52251b0 elementor-align-center elementor-mobile-align-center elementor-widget elementor-widget-button\" data-id=\"52251b0\" data-element_type=\"widget\" data-widget_type=\"button.default\"> \t\t\t\t<div class=\"elementor-widget-container\"> \t\t\t\t\t<div class=\"elementor-button-wrapper\"> \t\t\t<a href=\"mailto:info@taros.si\" class=\"elementor-button-link elementor-button elementor-size-sm\" role=\"button\"> \t\t\t\t\t\t<span class=\"elementor-button-content-wrapper\"> \t\t\t\t\t\t<span class=\"elementor-button-text\">info@taros.si<\/span> \t\t<\/span> \t\t\t\t\t<\/a> \t\t<\/div> \t\t\t\t<\/div> \t\t\t\t<\/div> \t\t\t\t\t\t<\/div> \t\t\t\t\t<\/div> \t\t<\/div> \t\t\t\t\t\t\t\t<\/div> \t\t\t\t\t<\/div> \t\t<\/section> \t\t\t\t<section class=\"elementor-section elementor-top-section elementor-element elementor-element-6c9ef96 elementor-section-boxed elementor-section-height-default elementor-section-height-default\" data-id=\"6c9ef96\" data-element_type=\"section\"> \t\t\t\t\t\t<div class=\"elementor-container elementor-column-gap-default\"> \t\t\t\t\t\t\t<div class=\"elementor-row\"> \t\t\t\t\t<div class=\"elementor-column elementor-col-100 elementor-top-column elementor-element elementor-element-e228d1b\" data-id=\"e228d1b\" data-element_type=\"column\"> \t\t\t<div class=\"elementor-column-wrap elementor-element-populated\"> \t\t\t\t\t\t\t<div class=\"elementor-widget-wrap\"> \t\t\t\t\t\t<div class=\"elementor-element elementor-element-11150f3 elementor-widget elementor-widget-spacer\" data-id=\"11150f3\" data-element_type=\"widget\" data-widget_type=\"spacer.default\"> \t\t\t\t<div class=\"elementor-widget-container\"> \t\t\t\t\t<div class=\"elementor-spacer\"> \t\t\t<div class=\"elementor-spacer-inner\"><\/div> \t\t<\/div> \t\t\t\t<\/div> \t\t\t\t<\/div> \t\t\t\t\t\t<\/div> \t\t\t\t\t<\/div> \t\t<\/div> \t\t\t\t\t\t\t\t<\/div> \t\t\t\t\t<\/div> \t\t<\/section> \t\t\t\t<section class=\"elementor-section elementor-top-section elementor-element elementor-element-35ebbe9 elementor-section-stretched elementor-section-boxed elementor-section-height-default elementor-section-height-default\" data-id=\"35ebbe9\" data-element_type=\"section\" data-settings=\"{&quot;stretch_section&quot;:&quot;section-stretched&quot;,&quot;background_background&quot;:&quot;classic&quot;}\"> \t\t\t\t\t\t<div class=\"elementor-container elementor-column-gap-no\"> \t\t\t\t\t\t\t<div class=\"elementor-row\"> \t\t\t\t\t<div class=\"elementor-column elementor-col-100 elementor-top-column elementor-element elementor-element-d1af232\" data-id=\"d1af232\" data-element_type=\"column\"> \t\t\t<div class=\"elementor-column-wrap elementor-element-populated\"> \t\t\t\t\t\t\t<div class=\"elementor-widget-wrap\"> \t\t\t\t\t\t<div class=\"elementor-element elementor-element-1fc383c elementor-widget elementor-widget-heading\" data-id=\"1fc383c\" data-element_type=\"widget\" data-widget_type=\"heading.default\"> \t\t\t\t<div class=\"elementor-widget-container\"> \t\t\t<h3 class=\"elementor-heading-title elementor-size-default\">Prenova stanovanja<\/h3>\t\t<\/div> \t\t\t\t<\/div> \t\t\t\t<div class=\"elementor-element elementor-element-23a9626 elementor-widget elementor-widget-spacer\" data-id=\"23a9626\" data-element_type=\"widget\" data-widget_type=\"spacer.default\"> \t\t\t\t<div class=\"elementor-widget-container\"> \t\t\t\t\t<div class=\"elementor-spacer\"> \t\t\t<div class=\"elementor-spacer-inner\"><\/div> \t\t<\/div> \t\t\t\t<\/div> \t\t\t\t<\/div> \t\t\t\t<div class=\"elementor-element elementor-element-0d40aaf elementor-align-center elementor-widget elementor-widget-button\" data-id=\"0d40aaf\" data-element_type=\"widget\" data-widget_type=\"button.default\"> \t\t\t\t<div class=\"elementor-widget-container\"> \t\t\t\t\t<div class=\"elementor-button-wrapper\"> \t\t\t<a href=\"https:\/\/www.taros.si\/povprasevanje\/\" class=\"elementor-button-link elementor-button elementor-size-sm\" role=\"button\"> \t\t\t\t\t\t<span class=\"elementor-button-content-wrapper\"> \t\t\t\t\t\t<span class=\"elementor-button-text\">OBRAZEC ZA POVPRA\u0160EVANJE<\/span> \t\t<\/span> \t\t\t\t\t<\/a> \t\t<\/div> \t\t\t\t<\/div> \t\t\t\t<\/div> \t\t\t\t<div class=\"elementor-element elementor-element-36976ef elementor-widget elementor-widget-heading\" data-id=\"36976ef\" data-element_type=\"widget\" data-widget_type=\"heading.default\"> \t\t\t\t<div class=\"elementor-widget-container\"> \t\t\t<p class=\"elementor-heading-title elementor-size-default\">\u010ce \u017eelite prejeti ponudbo za katero izmed na\u0161ih storitev, vas prosimo, da izpolnite spodnji obrazec, mi pa vas bomo v najkraj\u0161em \u010dasu kontaktirali in se dogovorili za ogled. <\/p>\t\t<\/div> \t\t\t\t<\/div> \t\t\t\t<div class=\"elementor-element elementor-element-d8d646f elementor-widget elementor-widget-heading\" data-id=\"d8d646f\" data-element_type=\"widget\" data-widget_type=\"heading.default\"> \t\t\t\t<div class=\"elementor-widget-container\"> \t\t\t<h3 class=\"elementor-heading-title elementor-size-default\">Prenova stanovanja<\/h3>\t\t<\/div> \t\t\t\t<\/div> \t\t\t\t<div class=\"elementor-element elementor-element-922b6fd elementor-button-align-center elementor-widget elementor-widget-form\" data-id=\"922b6fd\" data-element_type=\"widget\" data-settings=\"{&quot;step_next_label&quot;:&quot;Naprej&quot;,&quot;step_previous_label&quot;:&quot;Nazaj&quot;,&quot;button_width&quot;:&quot;100&quot;,&quot;step_type&quot;:&quot;number_text&quot;,&quot;step_icon_shape&quot;:&quot;circle&quot;}\" data-widget_type=\"form.default\"> \t\t\t\t<div class=\"elementor-widget-container\"> \t\t\t\t\t<form class=\"elementor-form\" method=\"post\" name=\"New Form\"> \t\t\t<input type=\"hidden\" name=\"post_id\" value=\"2653\"\/> \t\t\t<input type=\"hidden\" name=\"form_id\" value=\"922b6fd\"\/>  \t\t\t \t\t\t<div class=\"elementor-form-fields-wrapper elementor-labels-above\"> \t\t\t\t\t\t\t\t<div class=\"elementor-field-type-text elementor-field-group elementor-column elementor-field-group-name elementor-col-50 elementor-field-required elementor-mark-required\"> \t\t\t\t\t<label for=\"form-field-name\" class=\"elementor-field-label\">Ime in Priimek<\/label><input size=\"1\" type=\"text\" name=\"form_fields[name]\" id=\"form-field-name\" class=\"elementor-field elementor-size-xs  elementor-field-textual\" placeholder=\"Ime in Priimek\" required=\"required\" aria-required=\"true\">\t\t\t\t<\/div> \t\t\t\t\t\t\t\t<div class=\"elementor-field-type-email elementor-field-group elementor-column elementor-field-group-email elementor-col-50 elementor-field-required elementor-mark-required\"> \t\t\t\t\t<label for=\"form-field-email\" class=\"elementor-field-label\">Email<\/label><input size=\"1\" type=\"email\" name=\"form_fields[email]\" id=\"form-field-email\" class=\"elementor-field elementor-size-xs  elementor-field-textual\" placeholder=\"Email\" required=\"required\" aria-required=\"true\">\t\t\t\t<\/div> \t\t\t\t\t\t\t\t<div class=\"elementor-field-type-text elementor-field-group elementor-column elementor-field-group-number elementor-col-100 elementor-field-required elementor-mark-required\"> \t\t\t\t\t<label for=\"form-field-number\" class=\"elementor-field-label\">Kontaktna \u0161tevilka<\/label><input size=\"1\" type=\"text\" name=\"form_fields[number]\" id=\"form-field-number\" class=\"elementor-field elementor-size-xs  elementor-field-textual\" placeholder=\"Kontaktna \u0161tevilka\" required=\"required\" aria-required=\"true\">\t\t\t\t<\/div> \t\t\t\t\t\t\t\t<div class=\"elementor-field-type-textarea elementor-field-group elementor-column elementor-field-group-message elementor-col-100 elementor-field-required elementor-mark-required\"> \t\t\t\t\t<label for=\"form-field-message\" class=\"elementor-field-label\">Sporo\u010dilo <\/label><textarea class=\"elementor-field-textual elementor-field  elementor-size-xs\" name=\"form_fields[message]\" id=\"form-field-message\" rows=\"5\" placeholder=\"Sporo\u010dilo\" required=\"required\" aria-required=\"true\"><\/textarea>\t\t\t\t<\/div> \t\t\t\t\t\t\t\t<div class=\"elementor-field-group elementor-column elementor-field-type-submit elementor-col-100 e-form__buttons\"> \t\t\t\t\t<button type=\"submit\" class=\"elementor-button elementor-size-sm\"> \t\t\t\t\t\t<span > \t\t\t\t\t\t\t\t\t\t\t\t\t\t\t<span class=\"elementor-button-icon\"> \t\t\t\t\t\t\t\t\t\t\t\t\t\t\t\t\t\t\t\t\t\t\t\t\t\t<\/span> \t\t\t\t\t\t\t\t\t\t\t\t\t\t\t\t\t\t\t\t\t\t<span class=\"elementor-button-text\">Po\u0161lji povpra\u0161evanje<\/span> \t\t\t\t\t\t\t\t\t\t\t\t\t<\/span> \t\t\t\t\t<\/button> \t\t\t\t<\/div> \t\t\t<\/div> \t\t<\/form> \t\t\t\t<\/div> \t\t\t\t<\/div> \t\t\t\t<div class=\"elementor-element elementor-element-f6bd8d0 elementor-widget elementor-widget-spacer\" data-id=\"f6bd8d0\" data-element_type=\"widget\" data-widget_type=\"spacer.default\"> \t\t\t\t<div class=\"elementor-widget-container\"> \t\t\t\t\t<div class=\"elementor-spacer\"> \t\t\t<div class=\"elementor-spacer-inner\"><\/div> \t\t<\/div> \t\t\t\t<\/div> \t\t\t\t<\/div> \t\t\t\t\t\t<\/div> \t\t\t\t\t<\/div> \t\t<\/div> \t\t\t\t\t\t\t\t<\/div> \t\t\t\t\t<\/div> \t\t<\/section> \t\t\t\t<section class=\"elementor-section elementor-top-section elementor-element elementor-element-6fa6a34 elementor-section-full_width elementor-section-stretched elementor-section-height-default elementor-section-height-default\" data-id=\"6fa6a34\" data-element_type=\"section\" data-settings=\"{&quot;stretch_section&quot;:&quot;section-stretched&quot;,&quot;background_background&quot;:&quot;classic&quot;}\"> \t\t\t\t\t\t<div class=\"elementor-container elementor-column-gap-default\"> \t\t\t\t\t\t\t<div class=\"elementor-row\"> \t\t\t\t\t<div class=\"elementor-column elementor-col-100 elementor-top-column elementor-element elementor-element-1d9a98e\" data-id=\"1d9a98e\" data-element_type=\"column\"> \t\t\t<div class=\"elementor-column-wrap elementor-element-populated\"> \t\t\t\t\t\t\t<div class=\"elementor-widget-wrap\"> \t\t\t\t\t\t<div class=\"elementor-element elementor-element-e26b0b2 elementor-widget-divider--view-line elementor-widget elementor-widget-divider\" data-id=\"e26b0b2\" data-element_type=\"widget\" data-widget_type=\"divider.default\"> \t\t\t\t<div class=\"elementor-widget-container\"> \t\t\t\t\t<div class=\"elementor-divider\"> \t\t\t<span class=\"elementor-divider-separator\"> \t\t\t\t\t\t<\/span> \t\t<\/div> \t\t\t\t<\/div> \t\t\t\t<\/div> \t\t\t\t<div class=\"elementor-element elementor-element-39f3bf8 elementor-widget elementor-widget-text-editor\" data-id=\"39f3bf8\" data-element_type=\"widget\" data-widget_type=\"text-editor.default\"> \t\t\t\t<div class=\"elementor-widget-container\"> \t\t\t\t\t\t\t\t<div class=\"elementor-text-editor elementor-clearfix\"> \t\t\t\t<p>\u00a9 TAROS 2020 | Izdelava spletnih strani\u00a0<a href=\"http:\/\/www.top-strani.si\/\">Top Strani<\/a><\/p>\t\t\t\t\t<\/div> \t\t\t\t\t\t<\/div> \t\t\t\t<\/div> \t\t\t\t\t\t<\/div> \t\t\t\t\t<\/div> \t\t<\/div> \t\t\t\t\t\t\t\t<\/div> \t\t\t\t\t<\/div> \t\t<\/section> \t\t\t\t\t\t\t\t\t<\/div> \t\t\t<\/div> \t\t\t\t\t<\/div>","protected":false},"excerpt":{"rendered":"<p>UREDITEV MANSARDE Za vas uredimo mansardo na klju\u010d\u00a0 &#8211; glede na va\u0161e potrebe in \u017eelje! Vsaka na\u0161a stranka je za nas izjemno dragocena. V Tarosu poskrbimo, da boste z nami zadovoljni in bo sodelovanje z nami za vas lepa izku\u0161nja, ki se je boste vedno z veseljem spominjali! STROKOVNI \u2013 NATAN\u010cNI \u2013 KAKOVOSTNI \u2013 HITRI [&hellip;]<\/p>\n","protected":false},"author":1,"featured_media":0,"parent":0,"menu_order":0,"comment_status":"closed","ping_status":"closed","template":"","meta":{"om_disable_all_campaigns":false,"_monsterinsights_skip_tracking":false,"_monsterinsights_sitenote_active":false,"_monsterinsights_sitenote_note":"","_monsterinsights_sitenote_category":0,"_uf_show_specific_survey":0,"_uf_disable_surveys":false,"footnotes":""},"class_list":["post-2653","page","type-page","status-publish","hentry","entry"],"aioseo_notices":[],"_links":{"self":[{"href":"https:\/\/www.taros.si\/en\/wp-json\/wp\/v2\/pages\/2653","targetHints":{"allow":["GET"]}}],"collection":[{"href":"https:\/\/www.taros.si\/en\/wp-json\/wp\/v2\/pages"}],"about":[{"href":"https:\/\/www.taros.si\/en\/wp-json\/wp\/v2\/types\/page"}],"author":[{"embeddable":true,"href":"https:\/\/www.taros.si\/en\/wp-json\/wp\/v2\/users\/1"}],"replies":[{"embeddable":true,"href":"https:\/\/www.taros.si\/en\/wp-json\/wp\/v2\/comments?post=2653"}],"version-history":[{"count":109,"href":"https:\/\/www.taros.si\/en\/wp-json\/wp\/v2\/pages\/2653\/revisions"}],"predecessor-version":[{"id":6765,"href":"https:\/\/www.taros.si\/en\/wp-json\/wp\/v2\/pages\/2653\/revisions\/6765"}],"wp:attachment":[{"href":"https:\/\/www.taros.si\/en\/wp-json\/wp\/v2\/media?parent=2653"}],"curies":[{"name":"wp","href":"https:\/\/api.w.org\/{rel}","templated":true}]}}